{"id":67861,"date":"2024-10-02T08:40:36","date_gmt":"2024-10-02T07:40:36","guid":{"rendered":"https:\/\/www.softed.de\/softed\/?page_id=67861"},"modified":"2025-10-29T11:54:31","modified_gmt":"2025-10-29T10:54:31","slug":"jobs","status":"publish","type":"page","link":"https:\/\/www.softed.de\/softed\/jobs\/","title":{"rendered":"Jobs"},"content":{"rendered":"\t\t<div data-elementor-type=\"wp-page\" data-elementor-id=\"67861\" class=\"elementor elementor-67861\" data-elementor-post-type=\"page\">\n\t\t\t\t\t\t<section class=\"elementor-section elementor-top-section elementor-element elementor-element-da84fca elementor-hidden-mobile elementor-hidden-tablet elementor-section-boxed elementor-section-height-default elementor-section-height-default\" data-id=\"da84fca\" data-element_type=\"section\" data-e-type=\"section\">\n\t\t\t\t\t\t<div class=\"elementor-container elementor-column-gap-default\">\n\t\t\t\t\t<div class=\"elementor-column elementor-col-100 elementor-top-column elementor-element elementor-element-429fa82\" data-id=\"429fa82\" data-element_type=\"column\" data-e-type=\"column\">\n\t\t\t<div class=\"elementor-widget-wrap elementor-element-populated\">\n\t\t\t\t\t\t<div class=\"elementor-element elementor-element-f476a39 text-white elementor-widget elementor-widget-shortcode\" data-id=\"f476a39\" data-element_type=\"widget\" data-e-type=\"widget\" data-widget_type=\"shortcode.default\">\n\t\t\t\t<div class=\"elementor-widget-container\">\n\t\t\t\t\t\t\t<div class=\"elementor-shortcode\">\t\t\t<!-- Flexy Breadcrumb -->\r\n\t\t\t<div class=\"fbc fbc-page\">\r\n\r\n\t\t\t\t<!-- Breadcrumb wrapper -->\r\n\t\t\t\t<div class=\"fbc-wrap\">\r\n\r\n\t\t\t\t\t<!-- Ordered list-->\r\n\t\t\t\t\t<ol class=\"fbc-items\" itemscope itemtype=\"https:\/\/schema.org\/BreadcrumbList\">\r\n\t\t\t\t\t\t            <li itemprop=\"itemListElement\" itemscope itemtype=\"https:\/\/schema.org\/ListItem\">\r\n                <span itemprop=\"name\">\r\n                    <!-- Home Link -->\r\n                    <a itemprop=\"item\" href=\"https:\/\/www.softed.de\/\">\r\n                    \r\n                        softed.de                    <\/a>\r\n                <\/span>\r\n                <meta itemprop=\"position\" content=\"1\" \/><!-- Meta Position-->\r\n             <\/li><li><span class=\"fbc-separator\">\u203a<\/span><\/li><li class=\"active\" itemprop=\"itemListElement\" itemscope itemtype=\"https:\/\/schema.org\/ListItem\"><span itemprop=\"name\" title=\"Jobs\">Jobs<\/span><meta itemprop=\"position\" content=\"2\" \/><\/li>\t\t\t\t\t<\/ol>\r\n\t\t\t\t\t<div class=\"clearfix\"><\/div>\r\n\t\t\t\t<\/div>\r\n\t\t\t<\/div>\r\n\t\t\t<\/div>\n\t\t\t\t\t\t<\/div>\n\t\t\t\t<\/div>\n\t\t\t\t\t<\/div>\n\t\t<\/div>\n\t\t\t\t\t<\/div>\n\t\t<\/section>\n\t\t\t\t<section class=\"elementor-section elementor-top-section elementor-element elementor-element-a3f1aa4 elementor-section-stretched elementor-section-height-min-height elementor-section-content-middle elementor-section-boxed elementor-section-height-default elementor-section-items-middle\" data-id=\"a3f1aa4\" data-element_type=\"section\" data-e-type=\"section\" data-settings=\"{&quot;stretch_section&quot;:&quot;section-stretched&quot;,&quot;background_background&quot;:&quot;classic&quot;}\">\n\t\t\t\t\t\t\t<div class=\"elementor-background-overlay\"><\/div>\n\t\t\t\t\t\t\t<div class=\"elementor-container elementor-column-gap-default\">\n\t\t\t\t\t<div class=\"elementor-column elementor-col-100 elementor-top-column elementor-element elementor-element-62d88ed5\" data-id=\"62d88ed5\" data-element_type=\"column\" data-e-type=\"column\">\n\t\t\t<div class=\"elementor-widget-wrap elementor-element-populated\">\n\t\t\t\t\t\t<div class=\"elementor-element elementor-element-64091551 elementor-widget elementor-widget-heading\" data-id=\"64091551\" data-element_type=\"widget\" data-e-type=\"widget\" data-widget_type=\"heading.default\">\n\t\t\t\t<div class=\"elementor-widget-container\">\n\t\t\t\t\t<h1 class=\"elementor-heading-title elementor-size-default\">Arbeiten, wo die IT zuhause ist\n<\/h1>\t\t\t\t<\/div>\n\t\t\t\t<\/div>\n\t\t\t\t\t<\/div>\n\t\t<\/div>\n\t\t\t\t\t<\/div>\n\t\t<\/section>\n\t\t\t\t<section class=\"elementor-section elementor-top-section elementor-element elementor-element-9ee2e29 elementor-section-stretched elementor-section-boxed elementor-section-height-default elementor-section-height-default\" data-id=\"9ee2e29\" data-element_type=\"section\" data-e-type=\"section\" data-settings=\"{&quot;stretch_section&quot;:&quot;section-stretched&quot;}\">\n\t\t\t\t\t\t<div class=\"elementor-container elementor-column-gap-default\">\n\t\t\t\t\t<div class=\"elementor-column elementor-col-50 elementor-top-column elementor-element elementor-element-8febdb4\" data-id=\"8febdb4\" data-element_type=\"column\" data-e-type=\"column\">\n\t\t\t<div class=\"elementor-widget-wrap elementor-element-populated\">\n\t\t\t\t\t\t<div class=\"elementor-element elementor-element-31eae58 elementor-widget elementor-widget-text-editor\" data-id=\"31eae58\" data-element_type=\"widget\" data-e-type=\"widget\" data-widget_type=\"text-editor.default\">\n\t\t\t\t<div class=\"elementor-widget-container\">\n\t\t\t\t\t\t\t\t\t<p>Als IT-Unternehmer lebe ich von neuen Ideen und kreativen K\u00f6pfen. Von nichts kommt nichts in der Digitalisierung: Bei uns kannst Du Dich neu erfinden und dabei Du selbst bleiben. Das h\u00e4lt nicht nur geistig fit, das macht auch jeden Tag Spa\u00df. Darauf kommt es an und daf\u00fcr stehe ich!<\/p><p><br \/>Wenn Ihr das n\u00e4chste Level erreichen wollt oder jemanden kennt, der sich mit solchen Gedanken tr\u00e4gt, dann nehmt Kontakt mit mir oder meinem Team auf. Als Cloud-Spezialist, als Softwaredeveloper, als Administrator oder als Kommunikationsspezialist.<\/p>\t\t\t\t\t\t\t\t<\/div>\n\t\t\t\t<\/div>\n\t\t\t\t<div class=\"elementor-element elementor-element-a749165 elementor-widget elementor-widget-text-editor\" data-id=\"a749165\" data-element_type=\"widget\" data-e-type=\"widget\" data-widget_type=\"text-editor.default\">\n\t\t\t\t<div class=\"elementor-widget-container\">\n\t\t\t\t\t\t\t\t\t<p><b>Mathias T\u00e4ubrich<\/b><br \/>Gesch\u00e4ftsf\u00fchrer und Gr\u00fcnder SoftEd Systems<\/p>\t\t\t\t\t\t\t\t<\/div>\n\t\t\t\t<\/div>\n\t\t\t\t\t<\/div>\n\t\t<\/div>\n\t\t\t\t<div class=\"elementor-column elementor-col-50 elementor-top-column elementor-element elementor-element-57654b3\" data-id=\"57654b3\" data-element_type=\"column\" data-e-type=\"column\">\n\t\t\t<div class=\"elementor-widget-wrap elementor-element-populated\">\n\t\t\t\t\t\t<div class=\"elementor-element elementor-element-78e5d56 elementor-widget elementor-widget-image\" data-id=\"78e5d56\" data-element_type=\"widget\" data-e-type=\"widget\" data-widget_type=\"image.default\">\n\t\t\t\t<div class=\"elementor-widget-container\">\n\t\t\t\t\t\t\t\t\t\t\t\t\t\t\t<img fetchpriority=\"high\" decoding=\"async\" width=\"387\" height=\"387\" src=\"https:\/\/www.softed.de\/softed\/wp-content\/uploads\/2024\/09\/mt.png\" class=\"attachment-full size-full wp-image-67863\" alt=\"\" srcset=\"https:\/\/www.softed.de\/softed\/wp-content\/uploads\/2024\/09\/mt.png 387w, https:\/\/www.softed.de\/softed\/wp-content\/uploads\/2024\/09\/mt-226x226.png 226w, https:\/\/www.softed.de\/softed\/wp-content\/uploads\/2024\/09\/mt-100x100.png 100w\" sizes=\"(max-width: 387px) 100vw, 387px\">\t\t\t\t\t\t\t\t\t\t\t\t\t\t\t<\/div>\n\t\t\t\t<\/div>\n\t\t\t\t\t<\/div>\n\t\t<\/div>\n\t\t\t\t\t<\/div>\n\t\t<\/section>\n\t\t\t\t<section class=\"elementor-section elementor-top-section elementor-element elementor-element-2473e94 elementor-section-boxed elementor-section-height-default elementor-section-height-default\" data-id=\"2473e94\" data-element_type=\"section\" data-e-type=\"section\">\n\t\t\t\t\t\t<div class=\"elementor-container elementor-column-gap-default\">\n\t\t\t\t\t<div class=\"elementor-column elementor-col-100 elementor-top-column elementor-element elementor-element-96a5265\" data-id=\"96a5265\" data-element_type=\"column\" data-e-type=\"column\">\n\t\t\t<div class=\"elementor-widget-wrap elementor-element-populated\">\n\t\t\t\t\t\t<div class=\"elementor-element elementor-element-05e9f93 elementor-widget elementor-widget-heading\" data-id=\"05e9f93\" data-element_type=\"widget\" data-e-type=\"widget\" data-widget_type=\"heading.default\">\n\t\t\t\t<div class=\"elementor-widget-container\">\n\t\t\t\t\t<h2 class=\"elementor-heading-title elementor-size-default\">Aktuelle Stellenangebote:<\/h2>\t\t\t\t<\/div>\n\t\t\t\t<\/div>\n\t\t\t\t<div class=\"elementor-element elementor-element-2d2bfb0 elementor-grid-1 elementor-posts--thumbnail-none elementor-grid-tablet-1 elementor-grid-mobile-1 elementor-widget elementor-widget-posts\" data-id=\"2d2bfb0\" data-element_type=\"widget\" data-e-type=\"widget\" data-settings=\"{&quot;classic_columns&quot;:&quot;1&quot;,&quot;classic_row_gap&quot;:{&quot;unit&quot;:&quot;px&quot;,&quot;size&quot;:18,&quot;sizes&quot;:[]},&quot;classic_columns_tablet&quot;:&quot;1&quot;,&quot;classic_columns_mobile&quot;:&quot;1&quot;,&quot;classic_row_gap_tablet&quot;:{&quot;unit&quot;:&quot;px&quot;,&quot;size&quot;:&quot;&quot;,&quot;sizes&quot;:[]},&quot;classic_row_gap_mobile&quot;:{&quot;unit&quot;:&quot;px&quot;,&quot;size&quot;:&quot;&quot;,&quot;sizes&quot;:[]}}\" data-widget_type=\"posts.classic\">\n\t\t\t\t<div class=\"elementor-widget-container\">\n\t\t\t\t\t\t\t<div class=\"elementor-posts-container elementor-posts elementor-posts--skin-classic elementor-grid\">\n\t\t\t\t<article class=\"elementor-post elementor-grid-item post-68126 post type-post status-publish format-standard hentry category-jobs\">\n\t\t\t\t<div class=\"elementor-post__text\">\n\t\t\t\t<h3 class=\"elementor-post__title\">\n\t\t\t<a href=\"https:\/\/www.softed.de\/softed\/it-consultant-microsoft-365-mwp\/\" >\n\t\t\t\tMicrosoft 365 Consultant \/ Modern Workplace (m\/w\/d)\t\t\t<\/a>\n\t\t<\/h3>\n\t\t\t\t<div class=\"elementor-post__excerpt\">\n\t\t\t<p>Arbeitsort: Dresden | Arbeitszeit: Vollzeit | Arbeitsbeginn: sofort<\/p>\n\t\t<\/div>\n\t\t\n\t\t<a class=\"elementor-post__read-more\" href=\"https:\/\/www.softed.de\/softed\/it-consultant-microsoft-365-mwp\/\" aria-label=\"Read more about Microsoft 365 Consultant \/ Modern Workplace (m\/w\/d)\" tabindex=\"-1\" >\n\t\t\tinformieren &amp; bewerben \u00bb\t\t<\/a>\n\n\t\t\t\t<\/div>\n\t\t\t\t<\/article>\n\t\t\t\t<article class=\"elementor-post elementor-grid-item post-68085 post type-post status-publish format-standard hentry category-jobs\">\n\t\t\t\t<div class=\"elementor-post__text\">\n\t\t\t\t<h3 class=\"elementor-post__title\">\n\t\t\t<a href=\"https:\/\/www.softed.de\/softed\/projektassistenz-teamassistenz\/\" >\n\t\t\t\tProjektassistenz \/ Teamassistenz (m\/w\/d) im IT-Umfeld \u2013 Dresden\t\t\t<\/a>\n\t\t<\/h3>\n\t\t\t\t<div class=\"elementor-post__excerpt\">\n\t\t\t<p>Arbeitsort: Dresden Arbeitszeit: Teilzeit\/Vollzeit | Arbeitsbeginn: sofort<\/p>\n\t\t<\/div>\n\t\t\n\t\t<a class=\"elementor-post__read-more\" href=\"https:\/\/www.softed.de\/softed\/projektassistenz-teamassistenz\/\" aria-label=\"Read more about Projektassistenz \/ Teamassistenz (m\/w\/d) im IT-Umfeld \u2013 Dresden\" tabindex=\"-1\" >\n\t\t\tinformieren &amp; bewerben \u00bb\t\t<\/a>\n\n\t\t\t\t<\/div>\n\t\t\t\t<\/article>\n\t\t\t\t<\/div>\n\t\t\n\t\t\t\t\t\t<\/div>\n\t\t\t\t<\/div>\n\t\t\t\t\t<\/div>\n\t\t<\/div>\n\t\t\t\t\t<\/div>\n\t\t<\/section>\n\t\t\t\t<section class=\"elementor-section elementor-top-section elementor-element elementor-element-2689ea9 elementor-section-boxed elementor-section-height-default elementor-section-height-default\" data-id=\"2689ea9\" data-element_type=\"section\" data-e-type=\"section\">\n\t\t\t\t\t\t<div class=\"elementor-container elementor-column-gap-default\">\n\t\t\t\t\t<div class=\"elementor-column elementor-col-100 elementor-top-column elementor-element elementor-element-c5e4af8\" data-id=\"c5e4af8\" data-element_type=\"column\" data-e-type=\"column\">\n\t\t\t<div class=\"elementor-widget-wrap elementor-element-populated\">\n\t\t\t\t\t\t<div class=\"elementor-element elementor-element-998aee2 elementor-widget elementor-widget-text-editor\" data-id=\"998aee2\" data-element_type=\"widget\" data-e-type=\"widget\" data-widget_type=\"text-editor.default\">\n\t\t\t\t<div class=\"elementor-widget-container\">\n\t\t\t\t\t\t\t\t\t<p>Keine passende Stelle dabei?<br \/>Bewirb dich initiativ per E-Mail unter<br \/><a href=\"mailto:jobs@softed.de?subject=Initiativbewerbung\"><b>jobs@softed.de<\/b><\/a>.<\/p>\t\t\t\t\t\t\t\t<\/div>\n\t\t\t\t<\/div>\n\t\t\t\t\t<\/div>\n\t\t<\/div>\n\t\t\t\t\t<\/div>\n\t\t<\/section>\n\t\t\t\t<section class=\"elementor-section elementor-top-section elementor-element elementor-element-af5d93f elementor-section-boxed elementor-section-height-default elementor-section-height-default\" data-id=\"af5d93f\" data-element_type=\"section\" data-e-type=\"section\">\n\t\t\t\t\t\t<div class=\"elementor-container elementor-column-gap-default\">\n\t\t\t\t\t<div class=\"elementor-column elementor-col-50 elementor-top-column elementor-element elementor-element-5da70c8\" data-id=\"5da70c8\" data-element_type=\"column\" data-e-type=\"column\">\n\t\t\t<div class=\"elementor-widget-wrap elementor-element-populated\">\n\t\t\t\t\t\t<div class=\"elementor-element elementor-element-91eb8ef elementor-widget elementor-widget-image\" data-id=\"91eb8ef\" data-element_type=\"widget\" data-e-type=\"widget\" data-widget_type=\"image.default\">\n\t\t\t\t<div class=\"elementor-widget-container\">\n\t\t\t\t\t\t\t\t\t\t\t\t\t\t\t\t<a href=\"https:\/\/www.kununu.com\/de\/softed-systems-ingenieurgesellschaftfuersoftware-mbh?utm_source=widget&#038;utm_campaign=widget_selfservice_scoreandreview\" target=\"_blank\" rel=\"nofollow noopener\">\n\t\t\t\t\t\t\t<img decoding=\"async\" width=\"151\" height=\"100\" src=\"https:\/\/www.softed.de\/softed\/wp-content\/uploads\/2024\/10\/kununu_top_company-small.jpg\" class=\"attachment-full size-full wp-image-68138\" alt=\"\">\t\t\t\t\t\t\t\t<\/a>\n\t\t\t\t\t\t\t\t\t\t\t\t\t\t\t<\/div>\n\t\t\t\t<\/div>\n\t\t\t\t\t<\/div>\n\t\t<\/div>\n\t\t\t\t<div class=\"elementor-column elementor-col-50 elementor-top-column elementor-element elementor-element-8d0bd65\" data-id=\"8d0bd65\" data-element_type=\"column\" data-e-type=\"column\">\n\t\t\t<div class=\"elementor-widget-wrap elementor-element-populated\">\n\t\t\t\t\t\t<div class=\"elementor-element elementor-element-eba5068 elementor-widget elementor-widget-image\" data-id=\"eba5068\" data-element_type=\"widget\" data-e-type=\"widget\" data-widget_type=\"image.default\">\n\t\t\t\t<div class=\"elementor-widget-container\">\n\t\t\t\t\t\t\t\t\t\t\t\t\t\t\t\t<a href=\"https:\/\/www.kununu.com\/de\/softed-systems-ingenieurgesellschaftfuersoftware-mbh?utm_source=widget&#038;utm_campaign=widget_selfservice_scoreandreview\" target=\"_blank\" rel=\"nofollow noopener\">\n\t\t\t\t\t\t\t<img decoding=\"async\" width=\"151\" height=\"100\" src=\"https:\/\/www.softed.de\/softed\/wp-content\/uploads\/2024\/10\/kununu_open_company-small.jpg\" class=\"attachment-full size-full wp-image-68139\" alt=\"\">\t\t\t\t\t\t\t\t<\/a>\n\t\t\t\t\t\t\t\t\t\t\t\t\t\t\t<\/div>\n\t\t\t\t<\/div>\n\t\t\t\t\t<\/div>\n\t\t<\/div>\n\t\t\t\t\t<\/div>\n\t\t<\/section>\n\t\t\t\t<\/div>\n\t\t","protected":false},"excerpt":{"rendered":"<p>Arbeiten, wo die IT zuhause ist Als IT-Unternehmer lebe ich von neuen Ideen und kreativen K\u00f6pfen. Von nichts kommt nichts in der Digitalisierung: Bei uns kannst Du Dich neu erfinden und dabei Du selbst bleiben. Das h\u00e4lt nicht nur geistig fit, das macht auch jeden Tag Spa\u00df. Darauf kommt es an und daf\u00fcr stehe ich! [&hellip;]<\/p>\n","protected":false},"author":28,"featured_media":0,"parent":0,"menu_order":0,"comment_status":"closed","ping_status":"closed","template":"elementor_header_footer","meta":{"footnotes":""},"class_list":["post-67861","page","type-page","status-publish","hentry"],"_links":{"self":[{"href":"https:\/\/www.softed.de\/softed\/wp-json\/wp\/v2\/pages\/67861","targetHints":{"allow":["GET"]}}],"collection":[{"href":"https:\/\/www.softed.de\/softed\/wp-json\/wp\/v2\/pages"}],"about":[{"href":"https:\/\/www.softed.de\/softed\/wp-json\/wp\/v2\/types\/page"}],"author":[{"embeddable":true,"href":"https:\/\/www.softed.de\/softed\/wp-json\/wp\/v2\/users\/28"}],"replies":[{"embeddable":true,"href":"https:\/\/www.softed.de\/softed\/wp-json\/wp\/v2\/comments?post=67861"}],"version-history":[{"count":37,"href":"https:\/\/www.softed.de\/softed\/wp-json\/wp\/v2\/pages\/67861\/revisions"}],"predecessor-version":[{"id":70957,"href":"https:\/\/www.softed.de\/softed\/wp-json\/wp\/v2\/pages\/67861\/revisions\/70957"}],"wp:attachment":[{"href":"https:\/\/www.softed.de\/softed\/wp-json\/wp\/v2\/media?parent=67861"}],"curies":[{"name":"wp","href":"https:\/\/api.w.org\/{rel}","templated":true}]}}